{"id":20,"date":"2024-08-21T15:44:46","date_gmt":"2024-08-21T13:44:46","guid":{"rendered":"https:\/\/elyatek.com\/dev\/?page_id=20"},"modified":"2024-08-21T15:45:01","modified_gmt":"2024-08-21T13:45:01","slug":"remboursements_retours","status":"publish","type":"page","link":"https:\/\/elyatek.com\/dev\/remboursements_retours\/","title":{"rendered":"Mentions l\u00e9gales"},"content":{"rendered":"<p>Responsable de la publication : Yann FOULETIER<br>Editeur : ELYATEK S.A.R.L. \u2013 27, chemin des Peupliers, MultiParc du Jubin, b\u00e2timent A \u2013 69570 DARDILLY, FR<br>H\u00e9bergeur : OVH SAS \u2013 2, rue Kellermann \u2013 59100 ROUBAIX, FR<br>Destinataire des donn\u00e9es personnelles : ELYATEK S.A.R.L.<\/p><p><strong>Propri\u00e9t\u00e9 intellectuelle<\/strong><\/p><p>La structure g\u00e9n\u00e9rale ainsi que les logiciels, textes, images (anim\u00e9es ou non), son savoir-faire et tous les autres \u00e9l\u00e9ments composant le site&nbsp;<a href=\"http:\/\/www.elyatek.com\/\" target=\"_blank\" rel=\"noreferrer noopener\">www.elyatek.com<\/a>&nbsp;sont la propri\u00e9t\u00e9 exclusive de la soci\u00e9t\u00e9 \u00e9ditrice du site internet, ELYATEK ou les ayants droits. Toute repr\u00e9sentation totale ou m\u00eame partielle de ce site par quelle que personne que ce soit, sans l\u2019autorisation expresse de la soci\u00e9t\u00e9 ELYATEK ou les ayants droits est formellement interdite et constituerait une contrefa\u00e7on sanctionn\u00e9e par les articles L. 335-2 (et suivants) du Code de la propri\u00e9t\u00e9 intellectuelle. Il en est de m\u00eame des bases de donn\u00e9es figurant, le cas \u00e9ch\u00e9ant, sur le site web et qui sont prot\u00e9g\u00e9es par les dispositions de la loi du 1er Juillet 1998 portant transposition dans le Code de la Propri\u00e9t\u00e9 Intellectuelle de la directive du 11 Mars 1996 relative \u00e0 la protection juridique des bases de donn\u00e9es, et dont la soci\u00e9t\u00e9 ELYATEK ou les ayants droits sont producteur. Les marques de la soci\u00e9t\u00e9 \u00e9ditrice du site internet, de ELYATEK et de ses partenaires, ainsi que les logos figurant sur le site sont des marques d\u00e9pos\u00e9es. Toute reproduction totale ou partielle de ces marques ou de ces logos effectu\u00e9s \u00e0 partir des \u00e9l\u00e9ments du site sans l\u2019autorisation expresse de la soci\u00e9t\u00e9 ELYATEK ou les ayants droits est donc strictement prohib\u00e9e au sens du Code de la Propri\u00e9t\u00e9 Intellectuelle. Si vous \u00eates le propri\u00e9taire ou le repr\u00e9sentant d\u2019une marques et-ou d\u2019un logo ou de tout autre \u00e9l\u00e9ment pr\u00e9sent sur ce site internet et que vous souhaitez exercer votre droit de propri\u00e9t\u00e9s intellectuelle pour demander le retrait ou la modification du ou des \u00e9l\u00e9ments concern\u00e9s, veuillez proc\u00e9dez aupr\u00e8s de la soci\u00e9t\u00e9 \u00e9ditrice du site internet, par courrier recommand\u00e9 accompagn\u00e9 d\u2019un justificatif de propri\u00e9t\u00e9 en bonne et due forme \u00e0 l\u2019adresse mentionn\u00e9e ci-dessus. La soci\u00e9t\u00e9 \u00e9ditrice du site internet et ELYATEK ne sauraient \u00eatre responsables de l\u2019acc\u00e8s par les utilisateurs via les liens hypertextes mis en place dans le cadre du site internet en direction d\u2019autres ressources pr\u00e9sentes sur le r\u00e9seau. Tout litige en relation avec l\u2019utilisation du site est soumis au droit fran\u00e7ais. L\u2019utilisateur reconna\u00eet la seule et exclusive comp\u00e9tence des tribunaux de Lyon, France. L\u2019ensemble de ce site rel\u00e8ve des l\u00e9gislations fran\u00e7aise et internationale sur le droit d\u2019auteur et la propri\u00e9t\u00e9 intellectuelle. Tous les droits de reproduction sont r\u00e9serv\u00e9s, y compris pour les documents iconographiques et photographiques.<\/p><p>C<strong>onditions g\u00e9n\u00e9rales d\u2019utilisation donn\u00e9es personnelles<\/strong><\/p><p>Les informations recueillies vous concernant font l\u2019objet d\u2019un traitement destin\u00e9 \u00e0 la soci\u00e9t\u00e9 ELYATEK et ont, pour finalit\u00e9, la gestion de la \u201cRelation Client\u201d.<br>Les destinataires de ces donn\u00e9es sont les assistantes, ing\u00e9nieurs et commerciaux de ELYATEK et la dur\u00e9e de conservation des donn\u00e9es est de 5 ans.<br>Vous b\u00e9n\u00e9ficiez d\u2019un droit d\u2019acc\u00e8s, de rectification, de portabilit\u00e9, d\u2019effacement de celles-ci ou d\u2019une limitation du traitement.<br>Vous pouvez vous opposer au traitement des donn\u00e9es vous concernant et vous disposez du droit de retirer votre consentement \u00e0 tout moment en vous adressant \u00e0&nbsp;<a rel=\"noreferrer noopener\" href=\"mailto:mpb@elyatek.com\" target=\"_blank\">mpb@elyatek.com<\/a><br>Vous avez la possibilit\u00e9 d\u2019introduire une r\u00e9clamation aupr\u00e8s d\u2019une autorit\u00e9 de contr\u00f4le.<\/p><p><strong>Utilisation des cookie (dits t\u00e9moins de connexion)<\/strong><\/p><p>Lors de la consultation du site&nbsp;<a rel=\"noreferrer noopener\" href=\"http:\/\/www.elyatek.com\/\" target=\"_blank\">www.elyatek.com<\/a>, des t\u00e9moins de connexions (ou \u00ab cookies \u00bb), sont d\u00e9pos\u00e9s sur votre ordinateur, votre t\u00e9l\u00e9phone mobile ou votre tablette.<br>Ces cookies permettent essentiellement \u00e0 ELYATEK :<br>D\u2019afficher, lors de votre premi\u00e8re visite, le bandeau signalant la pr\u00e9sence de cookies et la facult\u00e9 que vous avez de les accepter ou de les refuser,<br>D\u2019\u00e9tablir des mesures statistiques de fr\u00e9quentation et d\u2019utilisation du site.<\/p><p><strong>\u00c0 savoir&nbsp;:<\/strong><\/p><p>Les donn\u00e9es collect\u00e9es ne sont pas recoup\u00e9es avec d\u2019autres traitements,<br>Les cookies d\u00e9pos\u00e9s servent uniquement \u00e0 la production de statistiques anonymes,<br>Les cookies ne permettent pas de suivre la navigation de l\u2019internaute sur d\u2019autres sites.<\/p><p><strong>Rappel&nbsp;:<\/strong><\/p><p>Vous pouvez param\u00e9trer votre navigateur afin qu\u2019il vous signale la pr\u00e9sence de cookies et pour qu\u2019il vous propose de les accepter ou non.<br>Vous pouvez accepter ou refuser les cookies au cas par cas ou bien les refuser une fois pour toutes. Il est rappel\u00e9 que ce param\u00e9trage est susceptible de modifier vos conditions d\u2019acc\u00e8s aux services du site n\u00e9cessitant l\u2019utilisation de cookies.<br>Le param\u00e9trage des cookies est diff\u00e9rent pour chaque navigateur et en g\u00e9n\u00e9ral d\u00e9crit dans les menus d\u2019aide.<\/p>","protected":false},"excerpt":{"rendered":"<p>Responsable de la publication : Yann FOULETIEREditeur : ELYATEK S.A.R.L. \u2013 27, chemin des Peupliers, MultiParc du Jubin, b\u00e2timent A \u2013 69570 DARDILLY, FRH\u00e9bergeur : OVH SAS \u2013 2, rue Kellermann \u2013 59100 ROUBAIX, FRDestinataire des donn\u00e9es personnelles : ELYATEK S.A.R.L. Propri\u00e9t\u00e9 intellectuelle La structure g\u00e9n\u00e9rale ainsi que les logiciels, textes, images (anim\u00e9es ou non), [&hellip;]<\/p>\n","protected":false},"author":1,"featured_media":0,"parent":0,"menu_order":0,"comment_status":"closed","ping_status":"closed","template":"","meta":{"footnotes":""},"class_list":["post-20","page","type-page","status-publish","hentry"],"_links":{"self":[{"href":"https:\/\/elyatek.com\/dev\/wp-json\/wp\/v2\/pages\/20","targetHints":{"allow":["GET"]}}],"collection":[{"href":"https:\/\/elyatek.com\/dev\/wp-json\/wp\/v2\/pages"}],"about":[{"href":"https:\/\/elyatek.com\/dev\/wp-json\/wp\/v2\/types\/page"}],"author":[{"embeddable":true,"href":"https:\/\/elyatek.com\/dev\/wp-json\/wp\/v2\/users\/1"}],"replies":[{"embeddable":true,"href":"https:\/\/elyatek.com\/dev\/wp-json\/wp\/v2\/comments?post=20"}],"version-history":[{"count":1,"href":"https:\/\/elyatek.com\/dev\/wp-json\/wp\/v2\/pages\/20\/revisions"}],"predecessor-version":[{"id":2634,"href":"https:\/\/elyatek.com\/dev\/wp-json\/wp\/v2\/pages\/20\/revisions\/2634"}],"wp:attachment":[{"href":"https:\/\/elyatek.com\/dev\/wp-json\/wp\/v2\/media?parent=20"}],"curies":[{"name":"wp","href":"https:\/\/api.w.org\/{rel}","templated":true}]}}