{"id":2664,"date":"2024-09-13T10:51:18","date_gmt":"2024-09-13T08:51:18","guid":{"rendered":"https:\/\/elyatek.com\/dev\/?page_id=2664"},"modified":"2024-09-13T15:28:52","modified_gmt":"2024-09-13T13:28:52","slug":"qui-sommes-nous-2","status":"publish","type":"page","link":"https:\/\/elyatek.com\/dev\/qui-sommes-nous-2\/","title":{"rendered":"Qui sommes nous ?"},"content":{"rendered":"<p class=\"has-text-align-center\">Un distributeurs de composants \u00e9lectroniques \u00e0 votre service depuis 2002<\/p><p><\/p><div class=\"wp-block-cb-carousel\" data-slick=\"{&quot;slidesToShow&quot;:3,&quot;slidesToScroll&quot;:1,&quot;speed&quot;:300,&quot;arrows&quot;:true,&quot;dots&quot;:true,&quot;autoplay&quot;:false,&quot;autoplaySpeed&quot;:3000,&quot;infinite&quot;:false,&quot;responsive&quot;:[{&quot;breakpoint&quot;:769,&quot;settings&quot;:{&quot;slidesToShow&quot;:1,&quot;slidesToScroll&quot;:1}}]}\"><div class=\"wp-block-cb-slide\"><h2 class=\"wp-block-heading has-text-align-center\">2002<\/h2>\n\n<hr class=\"wp-block-separator has-alpha-channel-opacity\"\/>\n\n<p class=\"has-text-align-center\"><br><br><br>Cr\u00e9ation de la<br>soci\u00e9t\u00e9 Elyatek<br><br><br><\/p><\/div>\n\n<div class=\"wp-block-cb-slide\"><h2 class=\"wp-block-heading has-text-align-center\">2015<\/h2>\n\n<hr class=\"wp-block-separator has-alpha-channel-opacity\"\/>\n\n<p class=\"has-text-align-center\">Int\u00e8gre F2C Technology avec<br>sa soci\u00e9t\u00e9 s\u0153ur COMPELEC.<br>Elle peut d\u00e9sormais apporter<br>une solution globale, tant<br>aux utilisateurs qu\u2019aux<br>concepteurs et autres fabricants<br>d\u2019\u00e9quipements industriels.<\/p><\/div>\n\n<div class=\"wp-block-cb-slide\"><h2 class=\"wp-block-heading has-text-align-center\">2002<\/h2>\n\n<hr class=\"wp-block-separator has-alpha-channel-opacity\"\/>\n\n<p class=\"has-text-align-center\"><br><br>Cr\u00e9ation du<br>premier site web<br>e-commerce de la<br>marque.<br><br><\/p><\/div>\n\n<div class=\"wp-block-cb-slide\"><h2 class=\"wp-block-heading has-text-align-center\">2022<\/h2>\n\n<hr class=\"wp-block-separator has-alpha-channel-opacity\"\/>\n\n<p class=\"has-text-align-center\"><br><br><br>La marque f\u00eate<br>ses 20 ans<br><br><br><\/p><\/div>\n\n<div class=\"wp-block-cb-slide\"><h2 class=\"wp-block-heading has-text-align-center\">2024<\/h2>\n\n<hr class=\"wp-block-separator has-alpha-channel-opacity\"\/>\n\n<p class=\"has-text-align-center\"><br><br>ELYATEK x MINEBEA<br>MITSUMI &#8211; HITACHI<br>voit le jour<br>Elyatek f\u00eate ses<br>22 ans.<br><\/p><\/div><\/div><p><\/p>","protected":false},"excerpt":{"rendered":"<p>Un distributeurs de composants \u00e9lectroniques \u00e0 votre service depuis 2002<\/p>\n","protected":false},"author":1,"featured_media":0,"parent":0,"menu_order":0,"comment_status":"closed","ping_status":"closed","template":"","meta":{"footnotes":""},"class_list":["post-2664","page","type-page","status-publish","hentry"],"_links":{"self":[{"href":"https:\/\/elyatek.com\/dev\/wp-json\/wp\/v2\/pages\/2664","targetHints":{"allow":["GET"]}}],"collection":[{"href":"https:\/\/elyatek.com\/dev\/wp-json\/wp\/v2\/pages"}],"about":[{"href":"https:\/\/elyatek.com\/dev\/wp-json\/wp\/v2\/types\/page"}],"author":[{"embeddable":true,"href":"https:\/\/elyatek.com\/dev\/wp-json\/wp\/v2\/users\/1"}],"replies":[{"embeddable":true,"href":"https:\/\/elyatek.com\/dev\/wp-json\/wp\/v2\/comments?post=2664"}],"version-history":[{"count":11,"href":"https:\/\/elyatek.com\/dev\/wp-json\/wp\/v2\/pages\/2664\/revisions"}],"predecessor-version":[{"id":2690,"href":"https:\/\/elyatek.com\/dev\/wp-json\/wp\/v2\/pages\/2664\/revisions\/2690"}],"wp:attachment":[{"href":"https:\/\/elyatek.com\/dev\/wp-json\/wp\/v2\/media?parent=2664"}],"curies":[{"name":"wp","href":"https:\/\/api.w.org\/{rel}","templated":true}]}}